{"id":46,"date":"2022-10-13T11:23:39","date_gmt":"2022-10-13T09:23:39","guid":{"rendered":"https:\/\/wordpress.vecurosoft.com\/energiso\/?page_id=46"},"modified":"2026-02-02T08:54:43","modified_gmt":"2026-02-02T08:54:43","slug":"quienes-somos","status":"publish","type":"page","link":"https:\/\/energicasolar.com.gt\/v2\/quienes-somos\/","title":{"rendered":"Quienes Somos"},"content":{"rendered":"\t\t<div data-elementor-type=\"wp-page\" data-elementor-id=\"46\" class=\"elementor elementor-46\">\n\t\t\t\t\t\t<section class=\"elementor-section elementor-top-section elementor-element elementor-element-372284c elementor-section-full_width elementor-section-height-default elementor-section-height-default\" data-id=\"372284c\" data-element_type=\"section\" data-e-type=\"section\">\n\t\t\t\t\t\t<div class=\"elementor-container elementor-column-gap-no\">\n\t\t\t\t\t<div class=\"elementor-column elementor-col-100 elementor-top-column elementor-element elementor-element-7376922\" data-id=\"7376922\" data-element_type=\"column\" data-e-type=\"column\">\n\t\t\t<div class=\"elementor-widget-wrap elementor-element-populated\">\n\t\t\t\t\t\t<section class=\"elementor-section elementor-inner-section elementor-element elementor-element-fdf6c37 elementor-section-boxed elementor-section-height-default elementor-section-height-default\" data-id=\"fdf6c37\" data-element_type=\"section\" data-e-type=\"section\">\n\t\t\t\t\t\t<div class=\"elementor-container elementor-column-gap-no\">\n\t\t\t\t\t<div class=\"elementor-column elementor-col-50 elementor-inner-column elementor-element elementor-element-56d8ffb order-1 order-xl-1\" data-id=\"56d8ffb\" data-element_type=\"column\" data-e-type=\"column\">\n\t\t\t<div class=\"elementor-widget-wrap elementor-element-populated\">\n\t\t\t\t\t\t<div class=\"elementor-element elementor-element-c43db8d elementor-widget elementor-widget-energisosectiontitle\" data-id=\"c43db8d\" data-element_type=\"widget\" data-e-type=\"widget\" data-widget_type=\"energisosectiontitle.default\">\n\t\t\t\t<div class=\"elementor-widget-container\">\n\t\t\t\t\t<!-- Section Title --><div class=\"title-area\" ><h2 class=\"sec-subtitle subtitle-selector\">UN POCO DE NOSOTROS<\/h2><h3 class=\"sec-title title-selector h1\">Especialistas en Proyectos Solares Fotovoltaicos a Gran Escala<\/h3><p class=\"desc\">En\u00e9rgica Solar se especializa en el desarrollo e implementaci\u00f3n de proyectos solares fotovoltaicos a gran escala, incluyendo modelos PPA y EPC.\n\nDesde 2003, lideramos la transici\u00f3n hacia un modelo energ\u00e9tico m\u00e1s robusto y sostenible, potenciando la competitividad de nuestros clientes.\nNos comprometemos a dise\u00f1ar propuestas \ninnovadoras que garanticen un impacto \npositivo y duradero.<\/p><\/div><!-- End Section Title -->\t\t\t\t<\/div>\n\t\t\t\t<\/div>\n\t\t\t\t<div class=\"elementor-element elementor-element-ad04ca7 elementor-widget elementor-widget-energisosectiontitle\" data-id=\"ad04ca7\" data-element_type=\"widget\" data-e-type=\"widget\" data-widget_type=\"energisosectiontitle.default\">\n\t\t\t\t<div class=\"elementor-widget-container\">\n\t\t\t\t\t<!-- Section Title --><div class=\"title-area\" ><h3 class=\"sec-title title-selector h1\">Pedro Norton<\/h3><p class=\"desc\">Direcci\u00f3n Comercial<\/p><\/div><!-- End Section Title -->\t\t\t\t<\/div>\n\t\t\t\t<\/div>\n\t\t\t\t\t<\/div>\n\t\t<\/div>\n\t\t\t\t<div class=\"elementor-column elementor-col-50 elementor-inner-column elementor-element elementor-element-afaa851 order-1 order-xl-1\" data-id=\"afaa851\" data-element_type=\"column\" data-e-type=\"column\">\n\t\t\t<div class=\"elementor-widget-wrap elementor-element-populated\">\n\t\t\t\t\t\t<div class=\"elementor-element elementor-element-03a89e3 elementor-widget elementor-widget-image\" data-id=\"03a89e3\" data-element_type=\"widget\" data-e-type=\"widget\" data-widget_type=\"image.default\">\n\t\t\t\t<div class=\"elementor-widget-container\">\n\t\t\t\t\t\t\t\t\t\t\t\t\t\t\t<img loading=\"lazy\" decoding=\"async\" loading=\"lazy\" width=\"751\" height=\"490\" src=\"https:\/\/i0.wp.com\/energicasolar.com.gt\/v2\/wp-content\/uploads\/2026\/02\/imagen_2026-02-02_005855365.png?fit=751%2C490&amp;ssl=1\" class=\"attachment-large size-large wp-image-2422\" alt=\"\" srcset=\"https:\/\/i0.wp.com\/energicasolar.com.gt\/v2\/wp-content\/uploads\/2026\/02\/imagen_2026-02-02_005855365.png?w=781&amp;ssl=1 781w, https:\/\/i0.wp.com\/energicasolar.com.gt\/v2\/wp-content\/uploads\/2026\/02\/imagen_2026-02-02_005855365.png?resize=300%2C196&amp;ssl=1 300w, https:\/\/i0.wp.com\/energicasolar.com.gt\/v2\/wp-content\/uploads\/2026\/02\/imagen_2026-02-02_005855365.png?resize=768%2C502&amp;ssl=1 768w, https:\/\/i0.wp.com\/energicasolar.com.gt\/v2\/wp-content\/uploads\/2026\/02\/imagen_2026-02-02_005855365.png?resize=600%2C392&amp;ssl=1 600w\" sizes=\"auto, (max-width: 751px) 100vw, 751px\" \/>\t\t\t\t\t\t\t\t\t\t\t\t\t\t\t<\/div>\n\t\t\t\t<\/div>\n\t\t\t\t\t<\/div>\n\t\t<\/div>\n\t\t\t\t\t<\/div>\n\t\t<\/section>\n\t\t\t\t\t<\/div>\n\t\t<\/div>\n\t\t\t\t\t<\/div>\n\t\t<\/section>\n\t\t\t\t<section class=\"elementor-section elementor-top-section elementor-element elementor-element-415b8af elementor-section-full_width elementor-section-height-default elementor-section-height-default\" data-id=\"415b8af\" data-element_type=\"section\" data-e-type=\"section\">\n\t\t\t\t\t\t<div class=\"elementor-container elementor-column-gap-no\">\n\t\t\t\t\t<div class=\"elementor-column elementor-col-100 elementor-top-column elementor-element elementor-element-ef6c2c4\" data-id=\"ef6c2c4\" data-element_type=\"column\" data-e-type=\"column\">\n\t\t\t<div class=\"elementor-widget-wrap elementor-element-populated\">\n\t\t\t\t\t\t<section class=\"elementor-section elementor-inner-section elementor-element elementor-element-330f004 elementor-section-boxed elementor-section-height-default elementor-section-height-default\" data-id=\"330f004\" data-element_type=\"section\" data-e-type=\"section\">\n\t\t\t\t\t\t<div class=\"elementor-container elementor-column-gap-no\">\n\t\t\t\t\t<div class=\"elementor-column elementor-col-100 elementor-inner-column elementor-element elementor-element-a89b03b\" data-id=\"a89b03b\" data-element_type=\"column\" data-e-type=\"column\" data-settings=\"{&quot;background_background&quot;:&quot;classic&quot;}\">\n\t\t\t<div class=\"elementor-widget-wrap elementor-element-populated\">\n\t\t\t\t\t\t<div class=\"elementor-element elementor-element-641053f elementor-widget__width-auto elementor-widget elementor-widget-energisocounter\" data-id=\"641053f\" data-element_type=\"widget\" data-e-type=\"widget\" data-widget_type=\"energisocounter.default\">\n\t\t\t\t<div class=\"elementor-widget-container\">\n\t\t\t\t\t<div class=\"counter-style1\"><span class=\"counter-number h1\">10+<\/span><p class=\"counter-text\"><h5>A\u00f1os de Experiencia<\/h5>\nM\u00e1s de una d\u00e9cada liderando el sector de \nenerg\u00eda solar en la regi\u00f3n<\/p><\/div>\t\t\t\t<\/div>\n\t\t\t\t<\/div>\n\t\t\t\t<div class=\"elementor-element elementor-element-5b8ae12 elementor-widget__width-auto elementor-widget elementor-widget-energisocounter\" data-id=\"5b8ae12\" data-element_type=\"widget\" data-e-type=\"widget\" data-widget_type=\"energisocounter.default\">\n\t\t\t\t<div class=\"elementor-widget-container\">\n\t\t\t\t\t<div class=\"counter-style1\"><span class=\"counter-number h1\">1,000+<\/span><p class=\"counter-text\"><h5>Proyectos Instalados<\/h5>\nSistemas fotovoltaicos exitosamente \nimplementados y en operaci\u00f3n continua<\/p><\/div>\t\t\t\t<\/div>\n\t\t\t\t<\/div>\n\t\t\t\t<div class=\"elementor-element elementor-element-9704f95 elementor-widget__width-auto elementor-widget elementor-widget-energisocounter\" data-id=\"9704f95\" data-element_type=\"widget\" data-e-type=\"widget\" data-widget_type=\"energisocounter.default\">\n\t\t\t\t<div class=\"elementor-widget-container\">\n\t\t\t\t\t<div class=\"counter-style1\"><span class=\"counter-number h1\">2022<\/span><p class=\"counter-text\"><h5>Hito Hist\u00f3rico<\/h5>\nA\u00f1o en que alcanzamos la marca de mil \nproyectos completados<\/p><\/div>\t\t\t\t<\/div>\n\t\t\t\t<\/div>\n\t\t\t\t\t<\/div>\n\t\t<\/div>\n\t\t\t\t\t<\/div>\n\t\t<\/section>\n\t\t\t\t\t<\/div>\n\t\t<\/div>\n\t\t\t\t\t<\/div>\n\t\t<\/section>\n\t\t\t\t<section class=\"elementor-section elementor-top-section elementor-element elementor-element-cefe7a2 elementor-section-full_width elementor-section-height-default elementor-section-height-default\" data-id=\"cefe7a2\" data-element_type=\"section\" data-e-type=\"section\">\n\t\t\t\t\t\t<div class=\"elementor-container elementor-column-gap-no\">\n\t\t\t\t\t<div class=\"elementor-column elementor-col-100 elementor-top-column elementor-element elementor-element-d4e531a\" data-id=\"d4e531a\" data-element_type=\"column\" data-e-type=\"column\">\n\t\t\t<div class=\"elementor-widget-wrap elementor-element-populated\">\n\t\t\t\t\t\t<section class=\"elementor-section elementor-inner-section elementor-element elementor-element-56b5429 elementor-section-boxed elementor-section-height-default elementor-section-height-default\" data-id=\"56b5429\" data-element_type=\"section\" data-e-type=\"section\">\n\t\t\t\t\t\t<div class=\"elementor-container elementor-column-gap-no\">\n\t\t\t\t\t<div class=\"elementor-column elementor-col-100 elementor-inner-column elementor-element elementor-element-d3444ea\" data-id=\"d3444ea\" data-element_type=\"column\" data-e-type=\"column\">\n\t\t\t<div class=\"elementor-widget-wrap elementor-element-populated\">\n\t\t\t\t\t\t<div class=\"elementor-element elementor-element-b1f543e elementor-widget elementor-widget-spacer\" data-id=\"b1f543e\" data-element_type=\"widget\" data-e-type=\"widget\" data-widget_type=\"spacer.default\">\n\t\t\t\t<div class=\"elementor-widget-container\">\n\t\t\t\t\t\t\t<div class=\"elementor-spacer\">\n\t\t\t<div class=\"elementor-spacer-inner\"><\/div>\n\t\t<\/div>\n\t\t\t\t\t\t<\/div>\n\t\t\t\t<\/div>\n\t\t\t\t<div class=\"elementor-element elementor-element-b68a987 elementor-widget elementor-widget-energisosectiontitle\" data-id=\"b68a987\" data-element_type=\"widget\" data-e-type=\"widget\" data-widget_type=\"energisosectiontitle.default\">\n\t\t\t\t<div class=\"elementor-widget-container\">\n\t\t\t\t\t<!-- Section Title --><div class=\"title-area\" ><h2 class=\"sec-subtitle subtitle-selector\">NUESTRA MISI\u00d3N<\/h2><h3 class=\"sec-title title-selector h1\">Impulsando la Competitividad con Energ\u00eda Sostenible<\/h3><\/div><!-- End Section Title -->\t\t\t\t<\/div>\n\t\t\t\t<\/div>\n\t\t\t\t\t<\/div>\n\t\t<\/div>\n\t\t\t\t\t<\/div>\n\t\t<\/section>\n\t\t\t\t<section class=\"elementor-section elementor-inner-section elementor-element elementor-element-d84859a elementor-section-boxed elementor-section-height-default elementor-section-height-default\" data-id=\"d84859a\" data-element_type=\"section\" data-e-type=\"section\">\n\t\t\t\t\t\t<div class=\"elementor-container elementor-column-gap-default\">\n\t\t\t\t\t<div class=\"elementor-column elementor-col-50 elementor-inner-column elementor-element elementor-element-4e2552b\" data-id=\"4e2552b\" data-element_type=\"column\" data-e-type=\"column\">\n\t\t\t<div class=\"elementor-widget-wrap elementor-element-populated\">\n\t\t\t\t\t\t<div class=\"elementor-element elementor-element-dda44be elementor-widget elementor-widget-text-editor\" data-id=\"dda44be\" data-element_type=\"widget\" data-e-type=\"widget\" data-widget_type=\"text-editor.default\">\n\t\t\t\t<div class=\"elementor-widget-container\">\n\t\t\t\t\t\t\t\t\t<h5>\u00a0<\/h5><h5>Crear soluciones energ\u00e9ticas a la medida, basadas en eficiencia y ahorro, que impulsen la competitividad de nuestros clientes y promuevan un modelo energ\u00e9tico sostenible y confiable para las pr\u00f3ximas d\u00e9cadas.<\/h5>\t\t\t\t\t\t\t\t<\/div>\n\t\t\t\t<\/div>\n\t\t\t\t\t<\/div>\n\t\t<\/div>\n\t\t\t\t<div class=\"elementor-column elementor-col-50 elementor-inner-column elementor-element elementor-element-ac54ed3\" data-id=\"ac54ed3\" data-element_type=\"column\" data-e-type=\"column\">\n\t\t\t<div class=\"elementor-widget-wrap elementor-element-populated\">\n\t\t\t\t\t\t<div class=\"elementor-element elementor-element-baadd2d elementor-widget elementor-widget-image\" data-id=\"baadd2d\" data-element_type=\"widget\" data-e-type=\"widget\" data-widget_type=\"image.default\">\n\t\t\t\t<div class=\"elementor-widget-container\">\n\t\t\t\t\t\t\t\t\t\t\t\t\t\t\t<img loading=\"lazy\" decoding=\"async\" loading=\"lazy\" width=\"446\" height=\"267\" src=\"https:\/\/i0.wp.com\/energicasolar.com.gt\/v2\/wp-content\/uploads\/2026\/02\/imagen_2026-02-02_011010621.png?fit=446%2C267&amp;ssl=1\" class=\"attachment-large size-large wp-image-2428\" alt=\"\" srcset=\"https:\/\/i0.wp.com\/energicasolar.com.gt\/v2\/wp-content\/uploads\/2026\/02\/imagen_2026-02-02_011010621.png?w=446&amp;ssl=1 446w, https:\/\/i0.wp.com\/energicasolar.com.gt\/v2\/wp-content\/uploads\/2026\/02\/imagen_2026-02-02_011010621.png?resize=300%2C180&amp;ssl=1 300w\" sizes=\"auto, (max-width: 446px) 100vw, 446px\" \/>\t\t\t\t\t\t\t\t\t\t\t\t\t\t\t<\/div>\n\t\t\t\t<\/div>\n\t\t\t\t\t<\/div>\n\t\t<\/div>\n\t\t\t\t\t<\/div>\n\t\t<\/section>\n\t\t\t\t<section class=\"elementor-section elementor-inner-section elementor-element elementor-element-7e28103 elementor-section-boxed elementor-section-height-default elementor-section-height-default\" data-id=\"7e28103\" data-element_type=\"section\" data-e-type=\"section\">\n\t\t\t\t\t\t<div class=\"elementor-container elementor-column-gap-default\">\n\t\t\t\t\t<div class=\"elementor-column elementor-col-50 elementor-inner-column elementor-element elementor-element-a75c99e\" data-id=\"a75c99e\" data-element_type=\"column\" data-e-type=\"column\">\n\t\t\t<div class=\"elementor-widget-wrap elementor-element-populated\">\n\t\t\t\t\t\t<div class=\"elementor-element elementor-element-33149a2 elementor-widget elementor-widget-image\" data-id=\"33149a2\" data-element_type=\"widget\" data-e-type=\"widget\" data-widget_type=\"image.default\">\n\t\t\t\t<div class=\"elementor-widget-container\">\n\t\t\t\t\t\t\t\t\t\t\t\t\t\t\t<img loading=\"lazy\" decoding=\"async\" loading=\"lazy\" width=\"444\" height=\"264\" src=\"https:\/\/i0.wp.com\/energicasolar.com.gt\/v2\/wp-content\/uploads\/2026\/02\/imagen_2026-02-02_011038492.png?fit=444%2C264&amp;ssl=1\" class=\"attachment-large size-large wp-image-2430\" alt=\"\" srcset=\"https:\/\/i0.wp.com\/energicasolar.com.gt\/v2\/wp-content\/uploads\/2026\/02\/imagen_2026-02-02_011038492.png?w=444&amp;ssl=1 444w, https:\/\/i0.wp.com\/energicasolar.com.gt\/v2\/wp-content\/uploads\/2026\/02\/imagen_2026-02-02_011038492.png?resize=300%2C178&amp;ssl=1 300w\" sizes=\"auto, (max-width: 444px) 100vw, 444px\" \/>\t\t\t\t\t\t\t\t\t\t\t\t\t\t\t<\/div>\n\t\t\t\t<\/div>\n\t\t\t\t\t<\/div>\n\t\t<\/div>\n\t\t\t\t<div class=\"elementor-column elementor-col-50 elementor-inner-column elementor-element elementor-element-729ee31\" data-id=\"729ee31\" data-element_type=\"column\" data-e-type=\"column\">\n\t\t\t<div class=\"elementor-widget-wrap elementor-element-populated\">\n\t\t\t\t\t\t<div class=\"elementor-element elementor-element-5e487f0 elementor-widget elementor-widget-image\" data-id=\"5e487f0\" data-element_type=\"widget\" data-e-type=\"widget\" data-widget_type=\"image.default\">\n\t\t\t\t<div class=\"elementor-widget-container\">\n\t\t\t\t\t\t\t\t\t\t\t\t\t\t\t<img loading=\"lazy\" decoding=\"async\" loading=\"lazy\" width=\"441\" height=\"272\" src=\"https:\/\/i0.wp.com\/energicasolar.com.gt\/v2\/wp-content\/uploads\/2026\/02\/imagen_2026-02-02_011121475.png?fit=441%2C272&amp;ssl=1\" class=\"attachment-large size-large wp-image-2432\" alt=\"\" srcset=\"https:\/\/i0.wp.com\/energicasolar.com.gt\/v2\/wp-content\/uploads\/2026\/02\/imagen_2026-02-02_011121475.png?w=441&amp;ssl=1 441w, https:\/\/i0.wp.com\/energicasolar.com.gt\/v2\/wp-content\/uploads\/2026\/02\/imagen_2026-02-02_011121475.png?resize=300%2C185&amp;ssl=1 300w\" sizes=\"auto, (max-width: 441px) 100vw, 441px\" \/>\t\t\t\t\t\t\t\t\t\t\t\t\t\t\t<\/div>\n\t\t\t\t<\/div>\n\t\t\t\t\t<\/div>\n\t\t<\/div>\n\t\t\t\t\t<\/div>\n\t\t<\/section>\n\t\t\t\t\t<\/div>\n\t\t<\/div>\n\t\t\t\t\t<\/div>\n\t\t<\/section>\n\t\t\t\t<section class=\"elementor-section elementor-top-section elementor-element elementor-element-53dcb54 elementor-section-full_width elementor-section-height-default elementor-section-height-default\" data-id=\"53dcb54\" data-element_type=\"section\" data-e-type=\"section\">\n\t\t\t\t\t\t<div class=\"elementor-container elementor-column-gap-no\">\n\t\t\t\t\t<div class=\"elementor-column elementor-col-100 elementor-top-column elementor-element elementor-element-e7e433f\" data-id=\"e7e433f\" data-element_type=\"column\" data-e-type=\"column\">\n\t\t\t<div class=\"elementor-widget-wrap elementor-element-populated\">\n\t\t\t\t\t\t<div class=\"elementor-element elementor-element-746cd46 elementor-widget elementor-widget-spacer\" data-id=\"746cd46\" data-element_type=\"widget\" data-e-type=\"widget\" data-widget_type=\"spacer.default\">\n\t\t\t\t<div class=\"elementor-widget-container\">\n\t\t\t\t\t\t\t<div class=\"elementor-spacer\">\n\t\t\t<div class=\"elementor-spacer-inner\"><\/div>\n\t\t<\/div>\n\t\t\t\t\t\t<\/div>\n\t\t\t\t<\/div>\n\t\t\t\t\t<\/div>\n\t\t<\/div>\n\t\t\t\t\t<\/div>\n\t\t<\/section>\n\t\t\t\t<\/div>\n\t\t","protected":false},"excerpt":{"rendered":"<p>UN POCO DE NOSOTROS Especialistas en Proyectos Solares Fotovoltaicos a Gran Escala En\u00e9rgica Solar se especializa en el desarrollo e implementaci\u00f3n de proyectos solares fotovoltaicos a gran escala, incluyendo modelos PPA y EPC. Desde 2003, lideramos la transici\u00f3n hacia un modelo energ\u00e9tico m\u00e1s robusto y sostenible, potenciando la competitividad de nuestros clientes. Nos comprometemos a&#8230;<\/p>\n","protected":false},"author":1,"featured_media":0,"parent":0,"menu_order":0,"comment_status":"closed","ping_status":"closed","template":"template-builder.php","meta":{"nf_dc_page":"","om_disable_all_campaigns":false,"_monsterinsights_skip_tracking":false,"_monsterinsights_sitenote_active":false,"_monsterinsights_sitenote_note":"","_monsterinsights_sitenote_category":0,"_joinchat":[],"footnotes":""},"class_list":["post-46","page","type-page","status-publish","hentry"],"aioseo_notices":[],"jetpack_sharing_enabled":true,"_links":{"self":[{"href":"https:\/\/energicasolar.com.gt\/v2\/wp-json\/wp\/v2\/pages\/46","targetHints":{"allow":["GET"]}}],"collection":[{"href":"https:\/\/energicasolar.com.gt\/v2\/wp-json\/wp\/v2\/pages"}],"about":[{"href":"https:\/\/energicasolar.com.gt\/v2\/wp-json\/wp\/v2\/types\/page"}],"author":[{"embeddable":true,"href":"https:\/\/energicasolar.com.gt\/v2\/wp-json\/wp\/v2\/users\/1"}],"replies":[{"embeddable":true,"href":"https:\/\/energicasolar.com.gt\/v2\/wp-json\/wp\/v2\/comments?post=46"}],"version-history":[{"count":47,"href":"https:\/\/energicasolar.com.gt\/v2\/wp-json\/wp\/v2\/pages\/46\/revisions"}],"predecessor-version":[{"id":2612,"href":"https:\/\/energicasolar.com.gt\/v2\/wp-json\/wp\/v2\/pages\/46\/revisions\/2612"}],"wp:attachment":[{"href":"https:\/\/energicasolar.com.gt\/v2\/wp-json\/wp\/v2\/media?parent=46"}],"curies":[{"name":"wp","href":"https:\/\/api.w.org\/{rel}","templated":true}]}}